{"id":272,"date":"2025-09-20T13:31:08","date_gmt":"2025-09-20T13:31:08","guid":{"rendered":"https:\/\/bernd-borgmann.mrr-vorschau.de\/?page_id=272"},"modified":"2026-03-31T09:44:17","modified_gmt":"2026-03-31T07:44:17","slug":"impressum","status":"publish","type":"page","link":"https:\/\/tier-wh.de\/nl\/impressum\/","title":{"rendered":"Impressum"},"content":{"rendered":"<div data-elementor-type=\"wp-page\" data-elementor-id=\"272\" class=\"elementor elementor-272\">\n\t\t\t\t<div class=\"elementor-element elementor-element-dc4c8a8 e-flex e-con-boxed e-con e-parent\" data-id=\"dc4c8a8\" data-element_type=\"container\" data-e-type=\"container\" data-settings=\"{&quot;background_background&quot;:&quot;classic&quot;}\">\n\t\t\t\t\t<div class=\"e-con-inner\">\n\t\t<div class=\"elementor-element elementor-element-98f788f e-flex e-con-boxed e-con e-child\" data-id=\"98f788f\" data-element_type=\"container\" data-e-type=\"container\">\n\t\t\t\t\t<div class=\"e-con-inner\">\n\t\t<div class=\"elementor-element elementor-element-7b47156 e-con-full e-flex e-con e-child\" data-id=\"7b47156\" data-element_type=\"container\" data-e-type=\"container\">\n\t\t\t\t<div class=\"elementor-element elementor-element-5e5e9c7 animated-slow elementor-invisible elementor-widget elementor-widget-heading\" data-id=\"5e5e9c7\" data-element_type=\"widget\" data-e-type=\"widget\" data-settings=\"{&quot;_animation&quot;:&quot;fadeIn&quot;,&quot;_animation_laptop&quot;:&quot;fadeIn&quot;}\" data-widget_type=\"heading.default\">\n\t\t\t\t\t<h1 class=\"elementor-heading-title elementor-size-default\">Impressum<\/h1>\t\t\t\t<\/div>\n\t\t\t\t<\/div>\n\t\t<div class=\"elementor-element elementor-element-6c42029 e-con-full e-flex e-con e-child\" data-id=\"6c42029\" data-element_type=\"container\" data-e-type=\"container\">\n\t\t\t\t<\/div>\n\t\t\t\t\t<\/div>\n\t\t\t\t<\/div>\n\t\t\t\t\t<\/div>\n\t\t\t\t<\/div>\n\t\t<div class=\"elementor-element elementor-element-1758227 e-flex e-con-boxed e-con e-child\" data-id=\"1758227\" data-element_type=\"container\" data-e-type=\"container\">\n\t\t\t\t\t<div class=\"e-con-inner\">\n\t\t\t\t<div class=\"elementor-element elementor-element-2a115ae elementor-widget elementor-widget-spacer\" data-id=\"2a115ae\" data-element_type=\"widget\" data-e-type=\"widget\" data-widget_type=\"spacer.default\">\n\t\t\t\t\t\t\t<div class=\"elementor-spacer\">\n\t\t\t<div class=\"elementor-spacer-inner\"><\/div>\n\t\t<\/div>\n\t\t\t\t\t\t<\/div>\n\t\t<div class=\"elementor-element elementor-element-91d6767 e-con-full e-flex e-con e-child\" data-id=\"91d6767\" data-element_type=\"container\" data-e-type=\"container\">\n\t\t\t\t<div class=\"elementor-element elementor-element-fd86722 elementor-widget elementor-widget-shortcode\" data-id=\"fd86722\" data-element_type=\"widget\" data-e-type=\"widget\" data-widget_type=\"shortcode.default\">\n\t\t\t\t\t\t\t<div class=\"elementor-shortcode\">\n<script src=\"https:\/\/api.dga-post.de\/jquery\/1.9.1\/jquery.min.js\"><\/script>\n<script>\nvar jQuery_impressum = $.noConflict(true);\n<\/script>\n\n\n<style>\n#Impressumconnect{\n\twidth:100%;\n\toverflow:hidden;\n\tbox-sizing:border-box;\n}\n\n\n.headline{\n\twidth:100%;\n\tdisplay: block;\n\tfont-size: 1.1em;\n\ttext-align:center;\n\tbox-sizing:border-box;\n\tpadding: 0 15px;\n\n\t\n}\n\n.impspalten2{\n\twidth:50%;\n\tfloat:left;\n\tmargin: 15px 0 0 0;\n\tpadding: 0 15px;\n\tbox-sizing:border-box;\n}\n\n.impspalten{\n\twidth:100%;\n    clear:both;\n\tdisplay:block;\n\tbox-sizing:border-box;\n\tpadding: 0 15px;\n}\n\n.mrr{\n\twidth: 170px;\n}\n\n.franz, .protectra{\n\twidth: 200px;\n}\n\n@media (max-width: 480px) {\t\n\t\n\t.hide480{\n\t\tdisplay:none;\n\t}\t\n\t\n}\n\n\n\n<\/style>\n\n\n<div id=\"Impressumconnect\">\n\n\n<span class=\"headline\"><b>Gegevens conform de Wet op digitale diensten<\/b><\/span>\n<br \/><br \/>\n\n<div class=\"impspalten2 respoimp\">\n<b>Adres:<\/b><br \/>\nTierwohlf\u00fchlheim Auffangstation<br \/>\nBernd Borgmann<br \/>\nBaddenkamp 11<br \/>\n46286\nDorsten<br \/>\n<br \/>\n<b>E-mail:<\/b>  <a href=\"mailto:info@tier-wh.de\">info@tier-wh.de<\/a><br \/><br \/><b>Belastingnummer:<\/b> 333\/5015\/2958<br \/><br \/><b>Gerechtigdheid bron<\/b><br \/> \u00a9 riganmc \u2013 stock.adobe.com<br \/>\r\n\u00a9 nattapan72 \u2013 stock.adobe.com<br \/>\r\n\u00a9 Pascale Gueret \u2013 stock.adobe.com<br \/>\r\n\u00a9 meoita \u2013 stock.adobe.com<br \/>\r\n\u00a9 Africa Studio \u2013 stock.adobe.com<br \/>\r\n\u00a9 Sergii Mironenko \u2013 stock.adobe.com<br \/>\r\n\u00a9 byrdyak \u2013 stock.adobe.com<br>\r\n\u00a9 britaseifert \u2013 stock.adobe.com<br>\r\n\u00a9 Drobot Dean \u2013 stock.adobe.com<br>\r\n\u00a9 Happy monkey \u2013 stock.adobe.com<br>\r\n\u00a9 Uwe Kantz\u2013 stock.adobe.com<br>\r\n\r\n<br \/>\r\n\u00a9 Selenit \u2013 shutterstock.com<br>\r\n\u00a9 Sukpaiboonwat \u2013 shutterstock.com<br>\r\n\u00a9 AB Photographie \u2013 shutterstock.com<br>\r\n\u00a9 Luke Wait \u2013 shutterstock.com<br>\r\n\u00a9 Rawpixel.com \u2013 shutterstock.com<br>\r\n\u00a9 Eric Isselee \u2013 shutterstock.com<br>\r\n\u00a9 Dean Drobot \u2013 shutterstock.com<br><br>\r\n\r\n\t\r\n<br \/>\n\n\n<br \/>\n\n<\/div>\n\n\n<div class=\"impspalten2 respoimp\"> \n\n\n<\/div>\n\n<div class=\"clear\"><\/div>\n<div class=\"impspalten\"> \n<b>Verantwoordelijke artikel 18 lid 2 MStV:<\/b><br \/>Bernd Borgmann, t.a.v. Tier Wohlf\u00fchlheim Auffangstation, Baddenkamp 11, 46286 Dorsten<br><br>\n\n\n<b>Informatie krachtens de Wet op Beslechting van Consumentengeschillen (VSBG):<\/b><br \/>\nWij zijn niet bereid en niet verplicht om deel te nemen aan geschillenbeslechtingsprocedures voor een consumentenarbitragecommissie in de zin van de wet op consumentengeschillenbeslechting. <br \/>\n\nOns e-mailadres is: <a href=\"mailto:info@tier-wh.de\">info@tier-wh.de<\/a><br \/>\n<br \/>\n\n\n<\/div>\n<div class=\"impspalten2 respoimp erstellung\"> \n\n<b>Ontwerp en beheer van de homepage:<\/b><br><br>\n<strong>MRR - Oplossingen voor Web, Print &amp; Mobiel<\/strong>\n<br>\n<b>Homepages voor bedrijven en ondernemingen<\/b>\n<br><br>\n<a href=\"http:\/\/www.mrr-web.de\" target=\"_blank\">\n<img decoding=\"async\" class=\"mrr lazyload\" data-src=\"https:\/\/v01.connect.dga-post.de\/bilder\/mrr.svg\" alt=\"Marketing Rijn-Ruhr oHG\" src=\"data:image\/svg+xml;base64,PHN2ZyB3aWR0aD0iMSIgaGVpZ2h0PSIxIiB4bWxucz0iaHR0cDovL3d3dy53My5vcmcvMjAwMC9zdmciPjwvc3ZnPg==\">\n<\/a>\n<br>\n\n<br>\n<br>\nMarketing Rijn-Ruhr oHG\n<br>\nEgonstra\u00dfe 6 \u00b7 45896 Gelsenkirchen\n<br>\n<a href=\"mailto:info@mrr-web.de\">info@mrr-web.de<\/a>\n<br>\n<a href=\"http:\/\/www.mrr-web.de\" target=\"_blank\">www.mrr-web.de<\/a>\n<br>\n\n<br><br>\n<\/div>\n<div class=\"impspalten2 respoimp\"> \n\n\n<b>Impressum beschikbaar gesteld door:<\/b><br><br>\n<a href=\"https:\/\/www.franz.de\/\" target=\"_blank\">\n<img decoding=\"async\" class=\"franz lazyload\" data-src=\"https:\/\/v01.connect.dga-post.de\/bilder\/franz.png\" alt=\"franz.de\" src=\"data:image\/svg+xml;base64,PHN2ZyB3aWR0aD0iMSIgaGVpZ2h0PSIxIiB4bWxucz0iaHR0cDovL3d3dy53My5vcmcvMjAwMC9zdmciPjwvc3ZnPg==\">\n<\/a>\n<br>\nAdvocatenkantoor voor Media, IT &amp; Reclame\n<br>\n<br><div class=\"kedapro\"><b>Zoekt u een externe functionaris voor gegevensbescherming?<br>\n\tOnze specialist en partner:<\/b><br><br>\n<a  href=\"https:\/\/www.protectra.de\/\" target=\"_blank\">\n<img decoding=\"async\" class=\"protectra lazyload\" data-src=\"https:\/\/v01.connect.dga-post.de\/bilder\/protectra-gmbh.png\" alt=\"Protectra GmbH, uw privacyfunctionaris in D\u00fcsseldorf\" src=\"data:image\/svg+xml;base64,PHN2ZyB3aWR0aD0iMSIgaGVpZ2h0PSIxIiB4bWxucz0iaHR0cDovL3d3dy53My5vcmcvMjAwMC9zdmciPjwvc3ZnPg==\">\n<\/a>\n<br>\n<br><\/div><\/div>\n\n\n<\/div>\n \n \n <script>\n \n jQuery_impressum( document ).ready(function() {\n\t \n\t if(jQuery_impressum( \"#Impressumconnect\" ).width() < 700){\n\t\t\tjQuery_impressum(\".respoimp\").each(function() {\n\t\t\t\tjQuery_impressum(this).removeClass('impspalten2');\n\t\t\t\tjQuery_impressum(this).addClass('impspalten');\n\t\t\t});\n\t\t\t\n\t\t}else{\n\t\t\tjQuery_impressum(\".respoimp\").each(function() {\n\t\t\t\tjQuery_impressum(this).removeClass('impspalten');\n\t\t\t\tjQuery_impressum(this).addClass('impspalten2');\n\t\t\t});\n\t\t\t\n\t\t}\n\t \n\t \nvar rtime;\nvar timeout = false;\nvar delta = 200;\n$(window).resize(function() {\n    rtime = new Date();\n    if (timeout === false) {\n        timeout = true;\n        setTimeout(resizeend, delta);\n    }\n});\n\nfunction resizeend() {\n    if (new Date() - rtime < delta) {\n        setTimeout(resizeend, delta);\n    } else {\n        timeout = false;\n\t\tif(jQuery_impressum( \"#Impressumconnect\" ).width() < 700){\n\t\t\tjQuery_impressum(\".respoimp\").each(function() {\n\t\t\t\tjQuery_impressum(this).removeClass('impspalten2');\n\t\t\t\tjQuery_impressum(this).addClass('impspalten');\n\t\t\t});\n\t\t\t\n\t\t}else{\n\t\t\tjQuery_impressum(\".respoimp\").each(function() {\n\t\t\t\tjQuery_impressum(this).removeClass('impspalten');\n\t\t\t\tjQuery_impressum(this).addClass('impspalten2');\n\t\t\t});\n\t\t}\n        \n    }               \n}\n\n\n\t \n });\n \n \n <\/script>\n\n\n\n<\/div>\n\t\t\t\t\t\t<\/div>\n\t\t\t\t<\/div>\n\t\t\t\t\t<\/div>\n\t\t\t\t<\/div>\n\t\t<div class=\"elementor-element elementor-element-5f5a975 e-con-full e-flex e-con e-child\" data-id=\"5f5a975\" data-element_type=\"container\" data-e-type=\"container\">\n\t\t\t\t<div class=\"elementor-element elementor-element-0772c3e elementor-widget elementor-widget-spacer\" data-id=\"0772c3e\" data-element_type=\"widget\" data-e-type=\"widget\" data-widget_type=\"spacer.default\">\n\t\t\t\t\t\t\t<div class=\"elementor-spacer\">\n\t\t\t<div class=\"elementor-spacer-inner\"><\/div>\n\t\t<\/div>\n\t\t\t\t\t\t<\/div>\n\t\t\t\t<\/div>\n\t\t\t\t<\/div>","protected":false},"excerpt":{"rendered":"<p>Impressum<\/p>","protected":false},"author":1,"featured_media":0,"parent":0,"menu_order":0,"comment_status":"closed","ping_status":"closed","template":"full-width.php","meta":{"_acf_changed":false,"footnotes":""},"class_list":["post-272","page","type-page","status-publish","hentry"],"acf":[],"yoast_head":"<!-- This site is optimized with the Yoast SEO plugin v27.3 - https:\/\/yoast.com\/product\/yoast-seo-wordpress\/ -->\n<title>Impressum - Tier Wohlf\u00fchlheim Auffangstation - Bernd Borgmann - Predator Coaching<\/title>\n<meta name=\"robots\" content=\"index, follow, max-snippet:-1, max-image-preview:large, max-video-preview:-1\" \/>\n<link rel=\"canonical\" href=\"https:\/\/tier-wh.de\/nl\/impressum\/\" \/>\n<meta property=\"og:locale\" content=\"nl_NL\" \/>\n<meta property=\"og:type\" content=\"article\" \/>\n<meta property=\"og:title\" content=\"Impressum - Tier Wohlf\u00fchlheim Auffangstation - Bernd Borgmann - Predator Coaching\" \/>\n<meta property=\"og:description\" content=\"Impressum\" \/>\n<meta property=\"og:url\" content=\"https:\/\/tier-wh.de\/nl\/impressum\/\" \/>\n<meta property=\"og:site_name\" content=\"Tier Wohlf\u00fchlheim Auffangstation - Bernd Borgmann - Predator Coaching\" \/>\n<meta property=\"article:modified_time\" content=\"2026-03-31T07:44:17+00:00\" \/>\n<meta name=\"twitter:card\" content=\"summary_large_image\" \/>\n<meta name=\"twitter:label1\" content=\"Geschatte leestijd\" \/>\n\t<meta name=\"twitter:data1\" content=\"2 minuten\" \/>\n<script type=\"application\/ld+json\" class=\"yoast-schema-graph\">{\"@context\":\"https:\\\/\\\/schema.org\",\"@graph\":[{\"@type\":\"WebPage\",\"@id\":\"https:\\\/\\\/tier-wh.de\\\/impressum\\\/\",\"url\":\"https:\\\/\\\/tier-wh.de\\\/impressum\\\/\",\"name\":\"Impressum - Tier Wohlf\u00fchlheim Auffangstation - Bernd Borgmann - Predator Coaching\",\"isPartOf\":{\"@id\":\"https:\\\/\\\/tier-wh.de\\\/#website\"},\"datePublished\":\"2025-09-20T13:31:08+00:00\",\"dateModified\":\"2026-03-31T07:44:17+00:00\",\"breadcrumb\":{\"@id\":\"https:\\\/\\\/tier-wh.de\\\/impressum\\\/#breadcrumb\"},\"inLanguage\":\"nl-NL\",\"potentialAction\":[{\"@type\":\"ReadAction\",\"target\":[\"https:\\\/\\\/tier-wh.de\\\/impressum\\\/\"]}]},{\"@type\":\"BreadcrumbList\",\"@id\":\"https:\\\/\\\/tier-wh.de\\\/impressum\\\/#breadcrumb\",\"itemListElement\":[{\"@type\":\"ListItem\",\"position\":1,\"name\":\"Startseite\",\"item\":\"https:\\\/\\\/tier-wh.de\\\/\"},{\"@type\":\"ListItem\",\"position\":2,\"name\":\"Impressum\"}]},{\"@type\":\"WebSite\",\"@id\":\"https:\\\/\\\/tier-wh.de\\\/#website\",\"url\":\"https:\\\/\\\/tier-wh.de\\\/\",\"name\":\"Tier Wohlf\u00fchlheim Auffangstation - Bernd Borgmann - Predator Coaching\",\"description\":\"Erlebe einzigartige Seminare mit Gro\u00dfkatzen: Tiererlebnis, Pers\u00f6nlichkeitsentwicklung &amp; Coaching f\u00fcr Privatpersonen und Unternehmen. Jetzt Termin buchen!\",\"publisher\":{\"@id\":\"https:\\\/\\\/tier-wh.de\\\/#organization\"},\"potentialAction\":[{\"@type\":\"SearchAction\",\"target\":{\"@type\":\"EntryPoint\",\"urlTemplate\":\"https:\\\/\\\/tier-wh.de\\\/?s={search_term_string}\"},\"query-input\":{\"@type\":\"PropertyValueSpecification\",\"valueRequired\":true,\"valueName\":\"search_term_string\"}}],\"inLanguage\":\"nl-NL\"},{\"@type\":\"Organization\",\"@id\":\"https:\\\/\\\/tier-wh.de\\\/#organization\",\"name\":\"Tier Wohlf\u00fchlheim Auffangstation - Bernd Borgmann - Predator Coaching\",\"url\":\"https:\\\/\\\/tier-wh.de\\\/\",\"logo\":{\"@type\":\"ImageObject\",\"inLanguage\":\"nl-NL\",\"@id\":\"https:\\\/\\\/tier-wh.de\\\/#\\\/schema\\\/logo\\\/image\\\/\",\"url\":\"https:\\\/\\\/tier-wh.de\\\/wp-content\\\/uploads\\\/2025\\\/09\\\/predator-coaching-logo.svg\",\"contentUrl\":\"https:\\\/\\\/tier-wh.de\\\/wp-content\\\/uploads\\\/2025\\\/09\\\/predator-coaching-logo.svg\",\"caption\":\"Tier Wohlf\u00fchlheim Auffangstation - Bernd Borgmann - Predator Coaching\"},\"image\":{\"@id\":\"https:\\\/\\\/tier-wh.de\\\/#\\\/schema\\\/logo\\\/image\\\/\"}}]}<\/script>\n<!-- \/ Yoast SEO plugin. -->","yoast_head_json":{"title":"Impressum - Tier Wohlf\u00fchlheim Auffangstation - Bernd Borgmann - Predator Coaching","robots":{"index":"index","follow":"follow","max-snippet":"max-snippet:-1","max-image-preview":"max-image-preview:large","max-video-preview":"max-video-preview:-1"},"canonical":"https:\/\/tier-wh.de\/nl\/impressum\/","og_locale":"nl_NL","og_type":"article","og_title":"Impressum - Tier Wohlf\u00fchlheim Auffangstation - Bernd Borgmann - Predator Coaching","og_description":"Impressum","og_url":"https:\/\/tier-wh.de\/nl\/impressum\/","og_site_name":"Tier Wohlf\u00fchlheim Auffangstation - Bernd Borgmann - Predator Coaching","article_modified_time":"2026-03-31T07:44:17+00:00","twitter_card":"summary_large_image","twitter_misc":{"Geschatte leestijd":"2 minuten"},"schema":{"@context":"https:\/\/schema.org","@graph":[{"@type":"WebPage","@id":"https:\/\/tier-wh.de\/impressum\/","url":"https:\/\/tier-wh.de\/impressum\/","name":"Impressum - Tier Wohlf\u00fchlheim Auffangstation - Bernd Borgmann - Predator Coaching","isPartOf":{"@id":"https:\/\/tier-wh.de\/#website"},"datePublished":"2025-09-20T13:31:08+00:00","dateModified":"2026-03-31T07:44:17+00:00","breadcrumb":{"@id":"https:\/\/tier-wh.de\/impressum\/#breadcrumb"},"inLanguage":"nl-NL","potentialAction":[{"@type":"ReadAction","target":["https:\/\/tier-wh.de\/impressum\/"]}]},{"@type":"BreadcrumbList","@id":"https:\/\/tier-wh.de\/impressum\/#breadcrumb","itemListElement":[{"@type":"ListItem","position":1,"name":"Startseite","item":"https:\/\/tier-wh.de\/"},{"@type":"ListItem","position":2,"name":"Impressum"}]},{"@type":"WebSite","@id":"https:\/\/tier-wh.de\/#website","url":"https:\/\/tier-wh.de\/","name":"Tier Wohlf\u00fchlheim Auffangstation - Bernd Borgmann - Predator Coaching","description":"Ervaar unieke seminars met grote katten: dierbeleving, persoonlijke ontwikkeling &amp; coaching voor particulieren en bedrijven. Boek nu uw afspraak!","publisher":{"@id":"https:\/\/tier-wh.de\/#organization"},"potentialAction":[{"@type":"SearchAction","target":{"@type":"EntryPoint","urlTemplate":"https:\/\/tier-wh.de\/?s={search_term_string}"},"query-input":{"@type":"PropertyValueSpecification","valueRequired":true,"valueName":"search_term_string"}}],"inLanguage":"nl-NL"},{"@type":"Organization","@id":"https:\/\/tier-wh.de\/#organization","name":"Tier Wohlf\u00fchlheim Auffangstation - Bernd Borgmann - Predator Coaching","url":"https:\/\/tier-wh.de\/","logo":{"@type":"ImageObject","inLanguage":"nl-NL","@id":"https:\/\/tier-wh.de\/#\/schema\/logo\/image\/","url":"https:\/\/tier-wh.de\/wp-content\/uploads\/2025\/09\/predator-coaching-logo.svg","contentUrl":"https:\/\/tier-wh.de\/wp-content\/uploads\/2025\/09\/predator-coaching-logo.svg","caption":"Tier Wohlf\u00fchlheim Auffangstation - Bernd Borgmann - Predator Coaching"},"image":{"@id":"https:\/\/tier-wh.de\/#\/schema\/logo\/image\/"}}]}},"_links":{"self":[{"href":"https:\/\/tier-wh.de\/nl\/wp-json\/wp\/v2\/pages\/272","targetHints":{"allow":["GET"]}}],"collection":[{"href":"https:\/\/tier-wh.de\/nl\/wp-json\/wp\/v2\/pages"}],"about":[{"href":"https:\/\/tier-wh.de\/nl\/wp-json\/wp\/v2\/types\/page"}],"author":[{"embeddable":true,"href":"https:\/\/tier-wh.de\/nl\/wp-json\/wp\/v2\/users\/1"}],"replies":[{"embeddable":true,"href":"https:\/\/tier-wh.de\/nl\/wp-json\/wp\/v2\/comments?post=272"}],"version-history":[{"count":66,"href":"https:\/\/tier-wh.de\/nl\/wp-json\/wp\/v2\/pages\/272\/revisions"}],"predecessor-version":[{"id":2522,"href":"https:\/\/tier-wh.de\/nl\/wp-json\/wp\/v2\/pages\/272\/revisions\/2522"}],"wp:attachment":[{"href":"https:\/\/tier-wh.de\/nl\/wp-json\/wp\/v2\/media?parent=272"}],"curies":[{"name":"wp","href":"https:\/\/api.w.org\/{rel}","templated":true}]}}