{"id":1417,"date":"2025-11-19T10:11:38","date_gmt":"2025-11-19T09:11:38","guid":{"rendered":"https:\/\/borgmann-vorschau.mrr-vorschau.de\/?page_id=1417"},"modified":"2026-04-01T11:19:34","modified_gmt":"2026-04-01T09:19:34","slug":"indrukken","status":"publish","type":"page","link":"https:\/\/tier-wh.de\/nl\/impressionen\/","title":{"rendered":"Indrukken"},"content":{"rendered":"<div data-elementor-type=\"wp-page\" data-elementor-id=\"1417\" class=\"elementor elementor-1417\">\n\t\t\t\t<div class=\"elementor-element elementor-element-dc4c8a8 e-flex e-con-boxed e-con e-parent\" data-id=\"dc4c8a8\" data-element_type=\"container\" data-e-type=\"container\" data-settings=\"{&quot;background_background&quot;:&quot;classic&quot;}\">\n\t\t\t\t\t<div class=\"e-con-inner\">\n\t\t<div class=\"elementor-element elementor-element-98f788f e-flex e-con-boxed e-con e-child\" data-id=\"98f788f\" data-element_type=\"container\" data-e-type=\"container\">\n\t\t\t\t\t<div class=\"e-con-inner\">\n\t\t<div class=\"elementor-element elementor-element-7b47156 e-con-full e-flex e-con e-child\" data-id=\"7b47156\" data-element_type=\"container\" data-e-type=\"container\">\n\t\t\t\t<div class=\"elementor-element elementor-element-5e5e9c7 animated-slow elementor-invisible elementor-widget elementor-widget-heading\" data-id=\"5e5e9c7\" data-element_type=\"widget\" data-e-type=\"widget\" data-settings=\"{&quot;_animation&quot;:&quot;zoomIn&quot;,&quot;_animation_laptop&quot;:&quot;fadeIn&quot;}\" data-widget_type=\"heading.default\">\n\t\t\t\t\t<h1 class=\"elementor-heading-title elementor-size-default\">Indrukken<\/h1>\t\t\t\t<\/div>\n\t\t\t\t<\/div>\n\t\t<div class=\"elementor-element elementor-element-6c42029 e-con-full e-flex e-con e-child\" data-id=\"6c42029\" data-element_type=\"container\" data-e-type=\"container\">\n\t\t\t\t<\/div>\n\t\t\t\t\t<\/div>\n\t\t\t\t<\/div>\n\t\t\t\t\t<\/div>\n\t\t\t\t<\/div>\n\t\t<div class=\"elementor-element elementor-element-fa12ea0 e-flex e-con-boxed e-con e-parent\" data-id=\"fa12ea0\" data-element_type=\"container\" data-e-type=\"container\">\n\t\t\t\t\t<div class=\"e-con-inner\">\n\t\t<div class=\"elementor-element elementor-element-ebf5958 e-con-full e-flex e-con e-child\" data-id=\"ebf5958\" data-element_type=\"container\" data-e-type=\"container\">\n\t\t\t\t<div class=\"elementor-element elementor-element-f9978d3 elementor-widget elementor-widget-spacer\" data-id=\"f9978d3\" data-element_type=\"widget\" data-e-type=\"widget\" data-widget_type=\"spacer.default\">\n\t\t\t\t\t\t\t<div class=\"elementor-spacer\">\n\t\t\t<div class=\"elementor-spacer-inner\"><\/div>\n\t\t<\/div>\n\t\t\t\t\t\t<\/div>\n\t\t\t\t<\/div>\n\t\t<div class=\"elementor-element elementor-element-33cd11c e-con-full e-flex e-con e-child\" data-id=\"33cd11c\" data-element_type=\"container\" data-e-type=\"container\">\n\t\t<div class=\"elementor-element elementor-element-144d7f8 e-con-full e-flex e-con e-child\" data-id=\"144d7f8\" data-element_type=\"container\" data-e-type=\"container\">\n\t\t\t\t<\/div>\n\t\t<div class=\"elementor-element elementor-element-c2d9906 e-con-full e-flex e-con e-child\" data-id=\"c2d9906\" data-element_type=\"container\" data-e-type=\"container\">\n\t\t\t\t<div class=\"elementor-element elementor-element-67ffd5f elementor-invisible elementor-widget elementor-widget-heading\" data-id=\"67ffd5f\" data-element_type=\"widget\" data-e-type=\"widget\" data-settings=\"{&quot;_animation&quot;:&quot;fadeIn&quot;}\" data-widget_type=\"heading.default\">\n\t\t\t\t\t<h2 class=\"elementor-heading-title elementor-size-default\">Echte Momenten. <br>Echte ontmoetingen.<\/h2>\t\t\t\t<\/div>\n\t\t\t\t<div class=\"elementor-element elementor-element-717a2b5 elementor-widget elementor-widget-spacer\" data-id=\"717a2b5\" data-element_type=\"widget\" data-e-type=\"widget\" data-widget_type=\"spacer.default\">\n\t\t\t\t\t\t\t<div class=\"elementor-spacer\">\n\t\t\t<div class=\"elementor-spacer-inner\"><\/div>\n\t\t<\/div>\n\t\t\t\t\t\t<\/div>\n\t\t\t\t<div class=\"elementor-element elementor-element-04fe935 elementor-invisible elementor-widget elementor-widget-text-editor\" data-id=\"04fe935\" data-element_type=\"widget\" data-e-type=\"widget\" data-settings=\"{&quot;_animation&quot;:&quot;fadeIn&quot;}\" data-widget_type=\"text-editor.default\">\n\t\t\t\t\t\t\t\t\t<p>Krijg een eerste indruk van de bijzondere sfeer van onze seminars. <br \/>Van inspirerende ontmoetingen met de dieren tot aandachtige momenten van persoonlijke reflectie.\u00a0<\/p>\t\t\t\t\t\t\t\t<\/div>\n\t\t\t\t<\/div>\n\t\t\t\t<\/div>\n\t\t<div class=\"elementor-element elementor-element-e3cf070 e-con-full e-flex e-con e-child\" data-id=\"e3cf070\" data-element_type=\"container\" data-e-type=\"container\">\n\t\t\t\t<div class=\"elementor-element elementor-element-ae1a372 elementor-widget elementor-widget-spacer\" data-id=\"ae1a372\" data-element_type=\"widget\" data-e-type=\"widget\" data-widget_type=\"spacer.default\">\n\t\t\t\t\t\t\t<div class=\"elementor-spacer\">\n\t\t\t<div class=\"elementor-spacer-inner\"><\/div>\n\t\t<\/div>\n\t\t\t\t\t\t<\/div>\n\t\t\t\t<\/div>\n\t\t\t\t\t<\/div>\n\t\t\t\t<\/div>\n\t\t<div class=\"elementor-element elementor-element-1758227 e-flex e-con-boxed e-con e-child\" data-id=\"1758227\" data-element_type=\"container\" data-e-type=\"container\" data-settings=\"{&quot;background_background&quot;:&quot;classic&quot;}\">\n\t\t\t\t\t<div class=\"e-con-inner\">\n\t\t<div class=\"elementor-element elementor-element-436d582 e-con-full e-flex e-con e-child\" data-id=\"436d582\" data-element_type=\"container\" data-e-type=\"container\">\n\t\t\t\t<div class=\"elementor-element elementor-element-f070b97 elementor-widget elementor-widget-spacer\" data-id=\"f070b97\" data-element_type=\"widget\" data-e-type=\"widget\" data-widget_type=\"spacer.default\">\n\t\t\t\t\t\t\t<div class=\"elementor-spacer\">\n\t\t\t<div class=\"elementor-spacer-inner\"><\/div>\n\t\t<\/div>\n\t\t\t\t\t\t<\/div>\n\t\t\t\t<\/div>\n\t\t<div class=\"elementor-element elementor-element-91d6767 e-con-full e-flex e-con e-child\" data-id=\"91d6767\" data-element_type=\"container\" data-e-type=\"container\">\n\t\t\t\t<div class=\"elementor-element elementor-element-50e4dde elementor-arrows-position-outside elementor-pagination-position-outside elementor-widget elementor-widget-image-carousel\" data-id=\"50e4dde\" data-element_type=\"widget\" data-e-type=\"widget\" data-settings=\"{&quot;slides_to_show&quot;:&quot;1&quot;,&quot;navigation&quot;:&quot;both&quot;,&quot;autoplay&quot;:&quot;yes&quot;,&quot;pause_on_hover&quot;:&quot;yes&quot;,&quot;pause_on_interaction&quot;:&quot;yes&quot;,&quot;autoplay_speed&quot;:5000,&quot;infinite&quot;:&quot;yes&quot;,&quot;effect&quot;:&quot;slide&quot;,&quot;speed&quot;:500}\" data-widget_type=\"image-carousel.default\">\n\t\t\t\t\t\t\t<div class=\"elementor-image-carousel-wrapper swiper\" role=\"region\" aria-roledescription=\"carousel\" aria-label=\"Afbeeldingscarrousel\" dir=\"ltr\">\n\t\t\t<div class=\"elementor-image-carousel swiper-wrapper\" aria-live=\"off\">\n\t\t\t\t\t\t\t\t<div class=\"swiper-slide\" role=\"group\" aria-roledescription=\"slide\" aria-label=\"1 van 11\"><figure class=\"swiper-slide-inner\"><img decoding=\"async\" class=\"swiper-slide-image lazyload\" data-src=\"https:\/\/tier-wh.de\/wp-content\/uploads\/2026\/03\/01-bernd-borgmann-tiger.jpg\" alt=\"Bernd Borgmann en Tijger - Safari Wohlf\u00fchlhof Opvangcentrum - Tijgers en leeuwen voeren\" src=\"data:image\/svg+xml;base64,PHN2ZyB3aWR0aD0iMSIgaGVpZ2h0PSIxIiB4bWxucz0iaHR0cDovL3d3dy53My5vcmcvMjAwMC9zdmciPjwvc3ZnPg==\" style=\"--smush-placeholder-width: 1200px; --smush-placeholder-aspect-ratio: 1200\/800;\" \/><\/figure><\/div><div class=\"swiper-slide\" role=\"group\" aria-roledescription=\"slide\" aria-label=\"2 van 11\"><figure class=\"swiper-slide-inner\"><img decoding=\"async\" class=\"swiper-slide-image lazyload\" data-src=\"https:\/\/tier-wh.de\/wp-content\/uploads\/2026\/03\/02-loewe-tier-wh.jpg\" alt=\"Leeuw - Safari Knuffelboerderij Opvangcentrum - Tijger en leeuwen voeren - Bernd Borgmann - Roofdier Coaching\" src=\"data:image\/svg+xml;base64,PHN2ZyB3aWR0aD0iMSIgaGVpZ2h0PSIxIiB4bWxucz0iaHR0cDovL3d3dy53My5vcmcvMjAwMC9zdmciPjwvc3ZnPg==\" style=\"--smush-placeholder-width: 1200px; --smush-placeholder-aspect-ratio: 1200\/800;\" \/><\/figure><\/div><div class=\"swiper-slide\" role=\"group\" aria-roledescription=\"slide\" aria-label=\"3 van 11\"><figure class=\"swiper-slide-inner\"><img decoding=\"async\" class=\"swiper-slide-image lazyload\" data-src=\"https:\/\/tier-wh.de\/wp-content\/uploads\/2026\/03\/03-tiger-tier-wh.jpg\" alt=\"liggende tijger - Safari Wohlf\u00fchlhof opvangcentrum - tijgers en leeuwen voeren - Bernd Borgmann - Predator Coaching\" src=\"data:image\/svg+xml;base64,PHN2ZyB3aWR0aD0iMSIgaGVpZ2h0PSIxIiB4bWxucz0iaHR0cDovL3d3dy53My5vcmcvMjAwMC9zdmciPjwvc3ZnPg==\" style=\"--smush-placeholder-width: 1200px; --smush-placeholder-aspect-ratio: 1200\/800;\" \/><\/figure><\/div><div class=\"swiper-slide\" role=\"group\" aria-roledescription=\"slide\" aria-label=\"4 van 11\"><figure class=\"swiper-slide-inner\"><img decoding=\"async\" class=\"swiper-slide-image lazyload\" data-src=\"https:\/\/tier-wh.de\/wp-content\/uploads\/2026\/03\/04-bernd-borgmann-hunde.jpg\" alt=\"Bernd Borgmann en Happy Dog Safari Boerderij Opvang - Tijgers en leeuwen voeren - Predator Coaching\" src=\"data:image\/svg+xml;base64,PHN2ZyB3aWR0aD0iMSIgaGVpZ2h0PSIxIiB4bWxucz0iaHR0cDovL3d3dy53My5vcmcvMjAwMC9zdmciPjwvc3ZnPg==\" style=\"--smush-placeholder-width: 1000px; --smush-placeholder-aspect-ratio: 1000\/780;\" \/><\/figure><\/div><div class=\"swiper-slide\" role=\"group\" aria-roledescription=\"slide\" aria-label=\"5 van 11\"><figure class=\"swiper-slide-inner\"><img decoding=\"async\" class=\"swiper-slide-image lazyload\" data-src=\"https:\/\/tier-wh.de\/wp-content\/uploads\/2026\/03\/09_zebra-fuettern.jpg\" alt=\"Zebra voeren - Safari Wohlf\u00fchlhof opvangstation - Bernd Borgmann - Predator Coaching - exotische dieren\" src=\"data:image\/svg+xml;base64,PHN2ZyB3aWR0aD0iMSIgaGVpZ2h0PSIxIiB4bWxucz0iaHR0cDovL3d3dy53My5vcmcvMjAwMC9zdmciPjwvc3ZnPg==\" style=\"--smush-placeholder-width: 1200px; --smush-placeholder-aspect-ratio: 1200\/800;\" \/><\/figure><\/div><div class=\"swiper-slide\" role=\"group\" aria-roledescription=\"slide\" aria-label=\"6 van 11\"><figure class=\"swiper-slide-inner\"><img decoding=\"async\" class=\"swiper-slide-image lazyload\" data-src=\"https:\/\/tier-wh.de\/wp-content\/uploads\/2026\/03\/05-loewin-tier-wh.jpg\" alt=\"Leeuwin - Safari Welzijnsboerderij Opvangcentrum - Tijgers en leeuwen voeren - Bernd Borgmann - Roofdier Coaching\" src=\"data:image\/svg+xml;base64,PHN2ZyB3aWR0aD0iMSIgaGVpZ2h0PSIxIiB4bWxucz0iaHR0cDovL3d3dy53My5vcmcvMjAwMC9zdmciPjwvc3ZnPg==\" style=\"--smush-placeholder-width: 1200px; --smush-placeholder-aspect-ratio: 1200\/800;\" \/><\/figure><\/div><div class=\"swiper-slide\" role=\"group\" aria-roledescription=\"slide\" aria-label=\"7 van 11\"><figure class=\"swiper-slide-inner\"><img decoding=\"async\" class=\"swiper-slide-image lazyload\" data-src=\"https:\/\/tier-wh.de\/wp-content\/uploads\/2026\/03\/07_bernd-borgmann-pferde.jpg\" alt=\"Paarden - Safari Welzijnsboerderij Opvang - Tijgers en leeuwen voeren - Bernd Borgmann - Predatortraining\" src=\"data:image\/svg+xml;base64,PHN2ZyB3aWR0aD0iMSIgaGVpZ2h0PSIxIiB4bWxucz0iaHR0cDovL3d3dy53My5vcmcvMjAwMC9zdmciPjwvc3ZnPg==\" style=\"--smush-placeholder-width: 1200px; --smush-placeholder-aspect-ratio: 1200\/800;\" \/><\/figure><\/div><div class=\"swiper-slide\" role=\"group\" aria-roledescription=\"slide\" aria-label=\"8 van 11\"><figure class=\"swiper-slide-inner\"><img decoding=\"async\" class=\"swiper-slide-image lazyload\" data-src=\"https:\/\/tier-wh.de\/wp-content\/uploads\/2026\/04\/loewe-liegend.jpg\" alt=\"Liggende leeuw - Safari Dierenwelzijnscentrum Opvang - Tijgers en leeuwen voeren - Roofdier coaching\" src=\"data:image\/svg+xml;base64,PHN2ZyB3aWR0aD0iMSIgaGVpZ2h0PSIxIiB4bWxucz0iaHR0cDovL3d3dy53My5vcmcvMjAwMC9zdmciPjwvc3ZnPg==\" style=\"--smush-placeholder-width: 1200px; --smush-placeholder-aspect-ratio: 1200\/800;\" \/><\/figure><\/div><div class=\"swiper-slide\" role=\"group\" aria-roledescription=\"slide\" aria-label=\"9 van 11\"><figure class=\"swiper-slide-inner\"><img decoding=\"async\" class=\"swiper-slide-image lazyload\" data-src=\"https:\/\/tier-wh.de\/wp-content\/uploads\/2026\/03\/08_zebra-tier-auffangstation.jpg.jpg\" alt=\"Zebra - Safari Welnesshof opvangcentrum - Tijgers en leeuwen voeren - Bernd Borgmann - Roofdier Coaching\" src=\"data:image\/svg+xml;base64,PHN2ZyB3aWR0aD0iMSIgaGVpZ2h0PSIxIiB4bWxucz0iaHR0cDovL3d3dy53My5vcmcvMjAwMC9zdmciPjwvc3ZnPg==\" style=\"--smush-placeholder-width: 1200px; --smush-placeholder-aspect-ratio: 1200\/800;\" \/><\/figure><\/div><div class=\"swiper-slide\" role=\"group\" aria-roledescription=\"slide\" aria-label=\"10 van 11\"><figure class=\"swiper-slide-inner\"><img decoding=\"async\" class=\"swiper-slide-image lazyload\" data-src=\"https:\/\/tier-wh.de\/wp-content\/uploads\/2026\/03\/11-bernd-borgmann-rind.jpg\" alt=\"Bernd Borgmann und Rind - Safari Wohlf\u00fchlhof Auffangstation - Tijgers en leeuwen voeren - Predator Coaching\" src=\"data:image\/svg+xml;base64,PHN2ZyB3aWR0aD0iMSIgaGVpZ2h0PSIxIiB4bWxucz0iaHR0cDovL3d3dy53My5vcmcvMjAwMC9zdmciPjwvc3ZnPg==\" style=\"--smush-placeholder-width: 1200px; --smush-placeholder-aspect-ratio: 1200\/800;\" \/><\/figure><\/div><div class=\"swiper-slide\" role=\"group\" aria-roledescription=\"slide\" aria-label=\"11 van 11\"><figure class=\"swiper-slide-inner\"><img decoding=\"async\" class=\"swiper-slide-image lazyload\" data-src=\"https:\/\/tier-wh.de\/wp-content\/uploads\/2026\/04\/zebra.jpg\" alt=\"Zebra - Safarivakantie Wohlf\u00fchlhof Opvang - Tijgers en leeuwen voeren - Roofdier Coaching\" src=\"data:image\/svg+xml;base64,PHN2ZyB3aWR0aD0iMSIgaGVpZ2h0PSIxIiB4bWxucz0iaHR0cDovL3d3dy53My5vcmcvMjAwMC9zdmciPjwvc3ZnPg==\" style=\"--smush-placeholder-width: 1200px; --smush-placeholder-aspect-ratio: 1200\/800;\" \/><\/figure><\/div>\t\t\t<\/div>\n\t\t\t\t\t\t\t\t\t\t\t\t<div class=\"elementor-swiper-button elementor-swiper-button-prev\" role=\"button\" tabindex=\"0\">\n\t\t\t\t\t\t<svg aria-hidden=\"true\" class=\"e-font-icon-svg e-eicon-chevron-left\" viewbox=\"0 0 1000 1000\" xmlns=\"http:\/\/www.w3.org\/2000\/svg\"><path d=\"M646 125C629 125 613 133 604 142L308 442C296 454 292 471 292 487 292 504 296 521 308 533L604 854C617 867 629 875 646 875 663 875 679 871 692 858 704 846 713 829 713 812 713 796 708 779 692 767L438 487 692 225C700 217 708 204 708 187 708 171 704 154 692 142 675 129 663 125 646 125Z\"><\/path><\/svg>\t\t\t\t\t<\/div>\n\t\t\t\t\t<div class=\"elementor-swiper-button elementor-swiper-button-next\" role=\"button\" tabindex=\"0\">\n\t\t\t\t\t\t<svg aria-hidden=\"true\" class=\"e-font-icon-svg e-eicon-chevron-right\" viewbox=\"0 0 1000 1000\" xmlns=\"http:\/\/www.w3.org\/2000\/svg\"><path d=\"M696 533C708 521 713 504 713 487 713 471 708 454 696 446L400 146C388 133 375 125 354 125 338 125 325 129 313 142 300 154 292 171 292 187 292 204 296 221 308 233L563 492 304 771C292 783 288 800 288 817 288 833 296 850 308 863 321 871 338 875 354 875 371 875 388 867 400 854L696 533Z\"><\/path><\/svg>\t\t\t\t\t<\/div>\n\t\t\t\t\n\t\t\t\t\t\t\t\t\t<div class=\"swiper-pagination\"><\/div>\n\t\t\t\t\t\t\t\t\t<\/div>\n\t\t\t\t\t\t<\/div>\n\t\t\t\t<\/div>\n\t\t<div class=\"elementor-element elementor-element-1ceee52 e-con-full e-flex e-con e-child\" data-id=\"1ceee52\" data-element_type=\"container\" data-e-type=\"container\">\n\t\t\t\t<div class=\"elementor-element elementor-element-b13e570 elementor-widget elementor-widget-spacer\" data-id=\"b13e570\" data-element_type=\"widget\" data-e-type=\"widget\" data-widget_type=\"spacer.default\">\n\t\t\t\t\t\t\t<div class=\"elementor-spacer\">\n\t\t\t<div class=\"elementor-spacer-inner\"><\/div>\n\t\t<\/div>\n\t\t\t\t\t\t<\/div>\n\t\t\t\t<\/div>\n\t\t\t\t\t<\/div>\n\t\t\t\t<\/div>\n\t\t<div class=\"elementor-element elementor-element-5f5a975 e-con-full e-flex e-con e-child\" data-id=\"5f5a975\" data-element_type=\"container\" data-e-type=\"container\">\n\t\t\t\t<div class=\"elementor-element elementor-element-0772c3e elementor-widget elementor-widget-spacer\" data-id=\"0772c3e\" data-element_type=\"widget\" data-e-type=\"widget\" data-widget_type=\"spacer.default\">\n\t\t\t\t\t\t\t<div class=\"elementor-spacer\">\n\t\t\t<div class=\"elementor-spacer-inner\"><\/div>\n\t\t<\/div>\n\t\t\t\t\t\t<\/div>\n\t\t\t\t<\/div>\n\t\t\t\t<\/div>","protected":false},"excerpt":{"rendered":"<p>Indrukken Echte momenten. Echte ontmoetingen. Krijg een eerste indruk van de bijzondere sfeer van onze seminars. Van inspirerende ontmoetingen met de dieren tot momenten van persoonlijke reflectie.\u00a0<\/p>","protected":false},"author":1,"featured_media":0,"parent":0,"menu_order":0,"comment_status":"closed","ping_status":"closed","template":"full-width.php","meta":{"_acf_changed":false,"footnotes":""},"class_list":["post-1417","page","type-page","status-publish","hentry"],"acf":[],"yoast_head":"<!-- This site is optimized with the Yoast SEO plugin v27.3 - https:\/\/yoast.com\/product\/yoast-seo-wordpress\/ -->\n<title>Impressionen - Tier Wohlf\u00fchlheim Auffangstation - Bernd Borgmann - Predator Coaching<\/title>\n<meta name=\"robots\" content=\"index, follow, max-snippet:-1, max-image-preview:large, max-video-preview:-1\" \/>\n<link rel=\"canonical\" href=\"https:\/\/tier-wh.de\/nl\/indrukken\/\" \/>\n<meta property=\"og:locale\" content=\"nl_NL\" \/>\n<meta property=\"og:type\" content=\"article\" \/>\n<meta property=\"og:title\" content=\"Impressionen - Tier Wohlf\u00fchlheim Auffangstation - Bernd Borgmann - Predator Coaching\" \/>\n<meta property=\"og:description\" content=\"Impressionen Echte Momente. Echte Begegnungen. Gewinnen Sie einen ersten Eindruck von der besonderen Atmosph\u00e4re unserer Seminare. Von inspirierenden Begegnungen mit den Tieren bis hin zu achtsamen Augenblicken der pers\u00f6nlichen Reflexion.\u00a0\" \/>\n<meta property=\"og:url\" content=\"https:\/\/tier-wh.de\/nl\/indrukken\/\" \/>\n<meta property=\"og:site_name\" content=\"Tier Wohlf\u00fchlheim Auffangstation - Bernd Borgmann - Predator Coaching\" \/>\n<meta property=\"article:modified_time\" content=\"2026-04-01T09:19:34+00:00\" \/>\n<meta property=\"og:image\" content=\"https:\/\/tier-wh.de\/wp-content\/uploads\/2026\/03\/01-bernd-borgmann-tiger.jpg\" \/>\n<meta name=\"twitter:card\" content=\"summary_large_image\" \/>\n<meta name=\"twitter:label1\" content=\"Geschatte leestijd\" \/>\n\t<meta name=\"twitter:data1\" content=\"3 minuten\" \/>\n<script type=\"application\/ld+json\" class=\"yoast-schema-graph\">{\"@context\":\"https:\\\/\\\/schema.org\",\"@graph\":[{\"@type\":\"WebPage\",\"@id\":\"https:\\\/\\\/tier-wh.de\\\/impressionen\\\/\",\"url\":\"https:\\\/\\\/tier-wh.de\\\/impressionen\\\/\",\"name\":\"Impressionen - Tier Wohlf\u00fchlheim Auffangstation - Bernd Borgmann - Predator Coaching\",\"isPartOf\":{\"@id\":\"https:\\\/\\\/tier-wh.de\\\/#website\"},\"primaryImageOfPage\":{\"@id\":\"https:\\\/\\\/tier-wh.de\\\/impressionen\\\/#primaryimage\"},\"image\":{\"@id\":\"https:\\\/\\\/tier-wh.de\\\/impressionen\\\/#primaryimage\"},\"thumbnailUrl\":\"https:\\\/\\\/tier-wh.de\\\/wp-content\\\/uploads\\\/2026\\\/03\\\/01-bernd-borgmann-tiger.jpg\",\"datePublished\":\"2025-11-19T09:11:38+00:00\",\"dateModified\":\"2026-04-01T09:19:34+00:00\",\"breadcrumb\":{\"@id\":\"https:\\\/\\\/tier-wh.de\\\/impressionen\\\/#breadcrumb\"},\"inLanguage\":\"nl-NL\",\"potentialAction\":[{\"@type\":\"ReadAction\",\"target\":[\"https:\\\/\\\/tier-wh.de\\\/impressionen\\\/\"]}]},{\"@type\":\"ImageObject\",\"inLanguage\":\"nl-NL\",\"@id\":\"https:\\\/\\\/tier-wh.de\\\/impressionen\\\/#primaryimage\",\"url\":\"https:\\\/\\\/tier-wh.de\\\/wp-content\\\/uploads\\\/2026\\\/03\\\/01-bernd-borgmann-tiger.jpg\",\"contentUrl\":\"https:\\\/\\\/tier-wh.de\\\/wp-content\\\/uploads\\\/2026\\\/03\\\/01-bernd-borgmann-tiger.jpg\"},{\"@type\":\"BreadcrumbList\",\"@id\":\"https:\\\/\\\/tier-wh.de\\\/impressionen\\\/#breadcrumb\",\"itemListElement\":[{\"@type\":\"ListItem\",\"position\":1,\"name\":\"Startseite\",\"item\":\"https:\\\/\\\/tier-wh.de\\\/\"},{\"@type\":\"ListItem\",\"position\":2,\"name\":\"Impressionen\"}]},{\"@type\":\"WebSite\",\"@id\":\"https:\\\/\\\/tier-wh.de\\\/#website\",\"url\":\"https:\\\/\\\/tier-wh.de\\\/\",\"name\":\"Tier Wohlf\u00fchlheim Auffangstation - Bernd Borgmann - Predator Coaching\",\"description\":\"Erlebe einzigartige Seminare mit Gro\u00dfkatzen: Tiererlebnis, Pers\u00f6nlichkeitsentwicklung &amp; Coaching f\u00fcr Privatpersonen und Unternehmen. Jetzt Termin buchen!\",\"publisher\":{\"@id\":\"https:\\\/\\\/tier-wh.de\\\/#organization\"},\"potentialAction\":[{\"@type\":\"SearchAction\",\"target\":{\"@type\":\"EntryPoint\",\"urlTemplate\":\"https:\\\/\\\/tier-wh.de\\\/?s={search_term_string}\"},\"query-input\":{\"@type\":\"PropertyValueSpecification\",\"valueRequired\":true,\"valueName\":\"search_term_string\"}}],\"inLanguage\":\"nl-NL\"},{\"@type\":\"Organization\",\"@id\":\"https:\\\/\\\/tier-wh.de\\\/#organization\",\"name\":\"Tier Wohlf\u00fchlheim Auffangstation - Bernd Borgmann - Predator Coaching\",\"url\":\"https:\\\/\\\/tier-wh.de\\\/\",\"logo\":{\"@type\":\"ImageObject\",\"inLanguage\":\"nl-NL\",\"@id\":\"https:\\\/\\\/tier-wh.de\\\/#\\\/schema\\\/logo\\\/image\\\/\",\"url\":\"https:\\\/\\\/tier-wh.de\\\/wp-content\\\/uploads\\\/2025\\\/09\\\/predator-coaching-logo.svg\",\"contentUrl\":\"https:\\\/\\\/tier-wh.de\\\/wp-content\\\/uploads\\\/2025\\\/09\\\/predator-coaching-logo.svg\",\"caption\":\"Tier Wohlf\u00fchlheim Auffangstation - Bernd Borgmann - Predator Coaching\"},\"image\":{\"@id\":\"https:\\\/\\\/tier-wh.de\\\/#\\\/schema\\\/logo\\\/image\\\/\"}}]}<\/script>\n<!-- \/ Yoast SEO plugin. -->","yoast_head_json":{"title":"Indrukken - Tier Wohlf\u00fchlheim Opvang - Bernd Borgmann - Predator Coaching","robots":{"index":"index","follow":"follow","max-snippet":"max-snippet:-1","max-image-preview":"max-image-preview:large","max-video-preview":"max-video-preview:-1"},"canonical":"https:\/\/tier-wh.de\/nl\/indrukken\/","og_locale":"nl_NL","og_type":"article","og_title":"Impressionen - Tier Wohlf\u00fchlheim Auffangstation - Bernd Borgmann - Predator Coaching","og_description":"Impressionen Echte Momente. Echte Begegnungen. Gewinnen Sie einen ersten Eindruck von der besonderen Atmosph\u00e4re unserer Seminare. Von inspirierenden Begegnungen mit den Tieren bis hin zu achtsamen Augenblicken der pers\u00f6nlichen Reflexion.\u00a0","og_url":"https:\/\/tier-wh.de\/nl\/indrukken\/","og_site_name":"Tier Wohlf\u00fchlheim Auffangstation - Bernd Borgmann - Predator Coaching","article_modified_time":"2026-04-01T09:19:34+00:00","og_image":[{"url":"https:\/\/tier-wh.de\/wp-content\/uploads\/2026\/03\/01-bernd-borgmann-tiger.jpg","type":"","width":"","height":""}],"twitter_card":"summary_large_image","twitter_misc":{"Geschatte leestijd":"3 minuten"},"schema":{"@context":"https:\/\/schema.org","@graph":[{"@type":"WebPage","@id":"https:\/\/tier-wh.de\/impressionen\/","url":"https:\/\/tier-wh.de\/impressionen\/","name":"Indrukken - Tier Wohlf\u00fchlheim Opvang - Bernd Borgmann - Predator Coaching","isPartOf":{"@id":"https:\/\/tier-wh.de\/#website"},"primaryImageOfPage":{"@id":"https:\/\/tier-wh.de\/impressionen\/#primaryimage"},"image":{"@id":"https:\/\/tier-wh.de\/impressionen\/#primaryimage"},"thumbnailUrl":"https:\/\/tier-wh.de\/wp-content\/uploads\/2026\/03\/01-bernd-borgmann-tiger.jpg","datePublished":"2025-11-19T09:11:38+00:00","dateModified":"2026-04-01T09:19:34+00:00","breadcrumb":{"@id":"https:\/\/tier-wh.de\/impressionen\/#breadcrumb"},"inLanguage":"nl-NL","potentialAction":[{"@type":"ReadAction","target":["https:\/\/tier-wh.de\/impressionen\/"]}]},{"@type":"ImageObject","inLanguage":"nl-NL","@id":"https:\/\/tier-wh.de\/impressionen\/#primaryimage","url":"https:\/\/tier-wh.de\/wp-content\/uploads\/2026\/03\/01-bernd-borgmann-tiger.jpg","contentUrl":"https:\/\/tier-wh.de\/wp-content\/uploads\/2026\/03\/01-bernd-borgmann-tiger.jpg"},{"@type":"BreadcrumbList","@id":"https:\/\/tier-wh.de\/impressionen\/#breadcrumb","itemListElement":[{"@type":"ListItem","position":1,"name":"Startseite","item":"https:\/\/tier-wh.de\/"},{"@type":"ListItem","position":2,"name":"Impressionen"}]},{"@type":"WebSite","@id":"https:\/\/tier-wh.de\/#website","url":"https:\/\/tier-wh.de\/","name":"Tier Wohlf\u00fchlheim Auffangstation - Bernd Borgmann - Predator Coaching","description":"Ervaar unieke seminars met grote katten: dierbeleving, persoonlijke ontwikkeling &amp; coaching voor particulieren en bedrijven. Boek nu uw afspraak!","publisher":{"@id":"https:\/\/tier-wh.de\/#organization"},"potentialAction":[{"@type":"SearchAction","target":{"@type":"EntryPoint","urlTemplate":"https:\/\/tier-wh.de\/?s={search_term_string}"},"query-input":{"@type":"PropertyValueSpecification","valueRequired":true,"valueName":"search_term_string"}}],"inLanguage":"nl-NL"},{"@type":"Organization","@id":"https:\/\/tier-wh.de\/#organization","name":"Tier Wohlf\u00fchlheim Auffangstation - Bernd Borgmann - Predator Coaching","url":"https:\/\/tier-wh.de\/","logo":{"@type":"ImageObject","inLanguage":"nl-NL","@id":"https:\/\/tier-wh.de\/#\/schema\/logo\/image\/","url":"https:\/\/tier-wh.de\/wp-content\/uploads\/2025\/09\/predator-coaching-logo.svg","contentUrl":"https:\/\/tier-wh.de\/wp-content\/uploads\/2025\/09\/predator-coaching-logo.svg","caption":"Tier Wohlf\u00fchlheim Auffangstation - Bernd Borgmann - Predator Coaching"},"image":{"@id":"https:\/\/tier-wh.de\/#\/schema\/logo\/image\/"}}]}},"_links":{"self":[{"href":"https:\/\/tier-wh.de\/nl\/wp-json\/wp\/v2\/pages\/1417","targetHints":{"allow":["GET"]}}],"collection":[{"href":"https:\/\/tier-wh.de\/nl\/wp-json\/wp\/v2\/pages"}],"about":[{"href":"https:\/\/tier-wh.de\/nl\/wp-json\/wp\/v2\/types\/page"}],"author":[{"embeddable":true,"href":"https:\/\/tier-wh.de\/nl\/wp-json\/wp\/v2\/users\/1"}],"replies":[{"embeddable":true,"href":"https:\/\/tier-wh.de\/nl\/wp-json\/wp\/v2\/comments?post=1417"}],"version-history":[{"count":54,"href":"https:\/\/tier-wh.de\/nl\/wp-json\/wp\/v2\/pages\/1417\/revisions"}],"predecessor-version":[{"id":2561,"href":"https:\/\/tier-wh.de\/nl\/wp-json\/wp\/v2\/pages\/1417\/revisions\/2561"}],"wp:attachment":[{"href":"https:\/\/tier-wh.de\/nl\/wp-json\/wp\/v2\/media?parent=1417"}],"curies":[{"name":"wp","href":"https:\/\/api.w.org\/{rel}","templated":true}]}}