{"id":1147,"date":"2025-11-18T10:19:11","date_gmt":"2025-11-18T10:19:11","guid":{"rendered":"https:\/\/borgmann-vorschau.mrr-vorschau.de\/?page_id=1147"},"modified":"2026-03-30T14:29:52","modified_gmt":"2026-03-30T12:29:52","slug":"over-ons","status":"publish","type":"page","link":"https:\/\/tier-wh.de\/nl\/ueber-uns\/","title":{"rendered":"Over ons"},"content":{"rendered":"<div data-elementor-type=\"wp-page\" data-elementor-id=\"1147\" class=\"elementor elementor-1147\">\n\t\t\t\t<div class=\"elementor-element elementor-element-ba116f7 e-flex e-con-boxed e-con e-parent\" data-id=\"ba116f7\" data-element_type=\"container\" data-e-type=\"container\" data-settings=\"{&quot;background_background&quot;:&quot;classic&quot;}\">\n\t\t\t\t\t<div class=\"e-con-inner\">\n\t\t<div class=\"elementor-element elementor-element-3402e56 e-flex e-con-boxed e-con e-child\" data-id=\"3402e56\" data-element_type=\"container\" data-e-type=\"container\">\n\t\t\t\t\t<div class=\"e-con-inner\">\n\t\t<div class=\"elementor-element elementor-element-387f371 e-con-full e-flex e-con e-child\" data-id=\"387f371\" data-element_type=\"container\" data-e-type=\"container\">\n\t\t\t\t<div class=\"elementor-element elementor-element-cf5c08a animated-slow elementor-invisible elementor-widget elementor-widget-heading\" data-id=\"cf5c08a\" data-element_type=\"widget\" data-e-type=\"widget\" data-settings=\"{&quot;_animation&quot;:&quot;fadeIn&quot;,&quot;_animation_laptop&quot;:&quot;fadeIn&quot;}\" data-widget_type=\"heading.default\">\n\t\t\t\t\t<h1 class=\"elementor-heading-title elementor-size-default\">Over ons<\/h1>\t\t\t\t<\/div>\n\t\t\t\t<\/div>\n\t\t<div class=\"elementor-element elementor-element-0b8b6c9 e-con-full e-flex e-con e-child\" data-id=\"0b8b6c9\" data-element_type=\"container\" data-e-type=\"container\">\n\t\t\t\t<\/div>\n\t\t\t\t\t<\/div>\n\t\t\t\t<\/div>\n\t\t\t\t\t<\/div>\n\t\t\t\t<\/div>\n\t\t<div class=\"elementor-element elementor-element-571ea41 e-flex e-con-boxed e-con e-parent\" data-id=\"571ea41\" data-element_type=\"container\" data-e-type=\"container\">\n\t\t\t\t\t<div class=\"e-con-inner\">\n\t\t<div class=\"elementor-element elementor-element-81e9ad5 e-con-full e-flex e-con e-child\" data-id=\"81e9ad5\" data-element_type=\"container\" data-e-type=\"container\">\n\t\t\t\t<div class=\"elementor-element elementor-element-7a4cd0e elementor-widget elementor-widget-spacer\" data-id=\"7a4cd0e\" data-element_type=\"widget\" data-e-type=\"widget\" data-widget_type=\"spacer.default\">\n\t\t\t\t\t\t\t<div class=\"elementor-spacer\">\n\t\t\t<div class=\"elementor-spacer-inner\"><\/div>\n\t\t<\/div>\n\t\t\t\t\t\t<\/div>\n\t\t\t\t<\/div>\n\t\t<div class=\"elementor-element elementor-element-a58749f e-con-full e-flex e-con e-child\" data-id=\"a58749f\" data-element_type=\"container\" data-e-type=\"container\">\n\t\t<div class=\"elementor-element elementor-element-b98645a e-con-full e-flex elementor-invisible e-con e-child\" data-id=\"b98645a\" data-element_type=\"container\" data-e-type=\"container\" data-settings=\"{&quot;animation&quot;:&quot;fadeIn&quot;}\">\n\t\t\t\t<div class=\"elementor-element elementor-element-e7c6f61 elementor-invisible elementor-widget elementor-widget-heading\" data-id=\"e7c6f61\" data-element_type=\"widget\" data-e-type=\"widget\" data-settings=\"{&quot;_animation&quot;:&quot;fadeIn&quot;}\" data-widget_type=\"heading.default\">\n\t\t\t\t\t<h2 class=\"elementor-heading-title elementor-size-default\">De initiatiefnemer<\/h2>\t\t\t\t<\/div>\n\t\t\t\t<div class=\"elementor-element elementor-element-125cf4a elementor-widget elementor-widget-spacer\" data-id=\"125cf4a\" data-element_type=\"widget\" data-e-type=\"widget\" data-widget_type=\"spacer.default\">\n\t\t\t\t\t\t\t<div class=\"elementor-spacer\">\n\t\t\t<div class=\"elementor-spacer-inner\"><\/div>\n\t\t<\/div>\n\t\t\t\t\t\t<\/div>\n\t\t\t\t<div class=\"elementor-element elementor-element-546e838 elementor-invisible elementor-widget elementor-widget-text-editor\" data-id=\"546e838\" data-element_type=\"widget\" data-e-type=\"widget\" data-settings=\"{&quot;_animation&quot;:&quot;fadeIn&quot;}\" data-widget_type=\"text-editor.default\">\n\t\t\t\t\t\t\t\t\t<p>Bernd Borgmann heeft met de Wohlf\u00fchlhof zijn droom waargemaakt. Al sinds zijn kindertijd is hij gefascineerd door wilde dieren, met name grote katachtigen. Het duurde echter enige tijd voordat Borgmann van deze passie zijn beroep kon maken: na een commerci\u00eble en technische opleiding stapte hij eerst in het familiebedrijf \u2013 totdat hij uiteindelijk zijn hart wilde volgen. Bernd Borgmann volgde een opleiding tot dierentrainer en -verzorger bij verschillende dierentrainers. Vervolgens werkte hij met grote katachtigen in een dierentuin.<\/p><p>Bernd Borgmann realiseerde in 2015 op zijn boerderij in L\u00fcdinghausen in de M\u00fcnsterland het idee van zijn eigen reservaat voor exotische dieren. Hier krijgen de dieren voldoende ruimte en individuele aandacht. Ondanks zijn fascinatie en genegenheid voor zijn dieren, vermijdt Bernd Borgmann overmatige verpersoonlijking. In plaats daarvan legt hij er grote nadruk op dat zijn dieren geen huis- of boerderijdieren zijn, noch wilde dieren, aangezien ze al vele generaties in gevangenschap leven en buiten menselijke bescherming niet meer zouden kunnen overleven.<\/p>\t\t\t\t\t\t\t\t<\/div>\n\t\t\t\t<\/div>\n\t\t<div class=\"elementor-element elementor-element-f1289b3 e-con-full e-flex elementor-invisible e-con e-child\" data-id=\"f1289b3\" data-element_type=\"container\" data-e-type=\"container\" data-settings=\"{&quot;animation&quot;:&quot;fadeIn&quot;}\">\n\t\t\t\t<div class=\"elementor-element elementor-element-c3cf64e elementor-widget-tablet__width-initial elementor-widget elementor-widget-image\" data-id=\"c3cf64e\" data-element_type=\"widget\" data-e-type=\"widget\" data-widget_type=\"image.default\">\n\t\t\t\t\t\t\t\t\t\t\t\t\t\t\t<img fetchpriority=\"high\" decoding=\"async\" width=\"966\" height=\"771\" src=\"https:\/\/tier-wh.de\/wp-content\/uploads\/2025\/09\/bernd-borgmann.jpg\" class=\"attachment-large size-large wp-image-149\" alt=\"Bernd Borgmann - Predator Coaching - Teamseminars - Tijgers en leeuwen voeren\" srcset=\"https:\/\/tier-wh.de\/wp-content\/uploads\/2025\/09\/bernd-borgmann.jpg 966w, https:\/\/tier-wh.de\/wp-content\/uploads\/2025\/09\/bernd-borgmann-300x239.jpg 300w, https:\/\/tier-wh.de\/wp-content\/uploads\/2025\/09\/bernd-borgmann-768x613.jpg 768w\" sizes=\"(max-width: 966px) 100vw, 966px\" \/>\t\t\t\t\t\t\t\t\t\t\t\t\t\t\t<\/div>\n\t\t\t\t<\/div>\n\t\t\t\t<\/div>\n\t\t<div class=\"elementor-element elementor-element-8d8e1d2 e-con-full e-flex e-con e-child\" data-id=\"8d8e1d2\" data-element_type=\"container\" data-e-type=\"container\">\n\t\t\t\t<div class=\"elementor-element elementor-element-6716810 elementor-widget elementor-widget-spacer\" data-id=\"6716810\" data-element_type=\"widget\" data-e-type=\"widget\" data-widget_type=\"spacer.default\">\n\t\t\t\t\t\t\t<div class=\"elementor-spacer\">\n\t\t\t<div class=\"elementor-spacer-inner\"><\/div>\n\t\t<\/div>\n\t\t\t\t\t\t<\/div>\n\t\t\t\t<\/div>\n\t\t\t\t\t<\/div>\n\t\t\t\t<\/div>\n\t\t<div class=\"elementor-element elementor-element-2706281 e-flex e-con-boxed e-con e-parent\" data-id=\"2706281\" data-element_type=\"container\" data-e-type=\"container\" data-settings=\"{&quot;background_background&quot;:&quot;classic&quot;}\">\n\t\t\t\t\t<div class=\"e-con-inner\">\n\t\t\t\t<div class=\"elementor-element elementor-element-56679c3 elementor-widget elementor-widget-spacer\" data-id=\"56679c3\" data-element_type=\"widget\" data-e-type=\"widget\" data-widget_type=\"spacer.default\">\n\t\t\t\t\t\t\t<div class=\"elementor-spacer\">\n\t\t\t<div class=\"elementor-spacer-inner\"><\/div>\n\t\t<\/div>\n\t\t\t\t\t\t<\/div>\n\t\t\t\t<div class=\"elementor-element elementor-element-46ee2d4 elementor-invisible elementor-widget elementor-widget-heading\" data-id=\"46ee2d4\" data-element_type=\"widget\" data-e-type=\"widget\" data-settings=\"{&quot;_animation&quot;:&quot;fadeIn&quot;}\" data-widget_type=\"heading.default\">\n\t\t\t\t\t<h2 class=\"elementor-heading-title elementor-size-default\">WORD ONDERDEEL\nVAN EEN BIJZONDERE REIS.<\/h2>\t\t\t\t<\/div>\n\t\t\t\t<div class=\"elementor-element elementor-element-de6a352 elementor-widget elementor-widget-spacer\" data-id=\"de6a352\" data-element_type=\"widget\" data-e-type=\"widget\" data-widget_type=\"spacer.default\">\n\t\t\t\t\t\t\t<div class=\"elementor-spacer\">\n\t\t\t<div class=\"elementor-spacer-inner\"><\/div>\n\t\t<\/div>\n\t\t\t\t\t\t<\/div>\n\t\t\t\t<div class=\"elementor-element elementor-element-89dfde7 elementor-mobile-align-center elementor-widget-mobile__width-inherit elementor-align-center elementor-widget elementor-widget-button\" data-id=\"89dfde7\" data-element_type=\"widget\" data-e-type=\"widget\" data-widget_type=\"button.default\">\n\t\t\t\t\t\t\t\t\t\t<a class=\"elementor-button elementor-button-link elementor-size-sm\" href=\"https:\/\/tier-wh.de\/nl\/termijn-boeking\/\">\n\t\t\t\t\t\t<span class=\"elementor-button-content-wrapper\">\n\t\t\t\t\t\t<span class=\"elementor-button-icon\">\n\t\t\t\t<svg aria-hidden=\"true\" class=\"e-font-icon-svg e-fas-chevron-right\" viewbox=\"0 0 320 512\" xmlns=\"http:\/\/www.w3.org\/2000\/svg\"><path d=\"M285.476 272.971L91.132 467.314c-9.373 9.373-24.569 9.373-33.941 0l-22.667-22.667c-9.357-9.357-9.375-24.522-.04-33.901L188.505 256 34.484 101.255c-9.335-9.379-9.317-24.544.04-33.901l22.667-22.667c9.373-9.373 24.569-9.373 33.941 0L285.475 239.03c9.373 9.372 9.373 24.568.001 33.941z\"><\/path><\/svg>\t\t\t<\/span>\n\t\t\t\t\t\t\t\t\t<span class=\"elementor-button-text\">AFSPRAAK MAKEN<\/span>\n\t\t\t\t\t<\/span>\n\t\t\t\t\t<\/a>\n\t\t\t\t\t\t\t\t<\/div>\n\t\t\t\t<div class=\"elementor-element elementor-element-0e63362 elementor-widget elementor-widget-spacer\" data-id=\"0e63362\" data-element_type=\"widget\" data-e-type=\"widget\" data-widget_type=\"spacer.default\">\n\t\t\t\t\t\t\t<div class=\"elementor-spacer\">\n\t\t\t<div class=\"elementor-spacer-inner\"><\/div>\n\t\t<\/div>\n\t\t\t\t\t\t<\/div>\n\t\t\t\t\t<\/div>\n\t\t\t\t<\/div>\n\t\t<div class=\"elementor-element elementor-element-0c7ccb4 e-flex e-con-boxed e-con e-parent\" data-id=\"0c7ccb4\" data-element_type=\"container\" data-e-type=\"container\">\n\t\t\t\t\t<div class=\"e-con-inner\">\n\t\t\t\t<div class=\"elementor-element elementor-element-b9022c1 elementor-widget elementor-widget-spacer\" data-id=\"b9022c1\" data-element_type=\"widget\" data-e-type=\"widget\" data-widget_type=\"spacer.default\">\n\t\t\t\t\t\t\t<div class=\"elementor-spacer\">\n\t\t\t<div class=\"elementor-spacer-inner\"><\/div>\n\t\t<\/div>\n\t\t\t\t\t\t<\/div>\n\t\t\t\t\t<\/div>\n\t\t\t\t<\/div>\n\t\t\t\t<\/div>","protected":false},"excerpt":{"rendered":"<p>\u00dcber uns Der Initiator Bernd Borgmann hat sich mit dem Wohlf\u00fchlhof seinen Lebenstraum erf\u00fcllt. Schon seit seiner Kindheit ist er fasziniert von Wildtieren, insbesondere von Gro\u00dfkatzen. Es dauerte jedoch einige Zeit, bis Borgmann diese Leidenschaft zum Beruf machen konnte: Nach einer kaufm\u00e4nnischen und technischen Ausbildung stieg er zun\u00e4chst in den Familienbetrieb ein \u2013 bis er [&hellip;]<\/p>\n","protected":false},"author":1,"featured_media":0,"parent":0,"menu_order":0,"comment_status":"closed","ping_status":"closed","template":"full-width.php","meta":{"_acf_changed":false,"footnotes":""},"class_list":["post-1147","page","type-page","status-publish","hentry"],"acf":[],"yoast_head":"<!-- This site is optimized with the Yoast SEO plugin v27.3 - https:\/\/yoast.com\/product\/yoast-seo-wordpress\/ -->\n<title>\u00dcber uns - Tier Wohlf\u00fchlheim Auffangstation - Bernd Borgmann - Predator Coaching<\/title>\n<meta name=\"robots\" content=\"index, follow, max-snippet:-1, max-image-preview:large, max-video-preview:-1\" \/>\n<link rel=\"canonical\" href=\"https:\/\/tier-wh.de\/nl\/over-ons\/\" \/>\n<meta property=\"og:locale\" content=\"nl_NL\" \/>\n<meta property=\"og:type\" content=\"article\" \/>\n<meta property=\"og:title\" content=\"\u00dcber uns - Tier Wohlf\u00fchlheim Auffangstation - Bernd Borgmann - Predator Coaching\" \/>\n<meta property=\"og:description\" content=\"\u00dcber uns Der Initiator Bernd Borgmann hat sich mit dem Wohlf\u00fchlhof seinen Lebenstraum erf\u00fcllt. Schon seit seiner Kindheit ist er fasziniert von Wildtieren, insbesondere von Gro\u00dfkatzen. Es dauerte jedoch einige Zeit, bis Borgmann diese Leidenschaft zum Beruf machen konnte: Nach einer kaufm\u00e4nnischen und technischen Ausbildung stieg er zun\u00e4chst in den Familienbetrieb ein \u2013 bis er [&hellip;]\" \/>\n<meta property=\"og:url\" content=\"https:\/\/tier-wh.de\/nl\/over-ons\/\" \/>\n<meta property=\"og:site_name\" content=\"Tier Wohlf\u00fchlheim Auffangstation - Bernd Borgmann - Predator Coaching\" \/>\n<meta property=\"article:modified_time\" content=\"2026-03-30T12:29:52+00:00\" \/>\n<meta property=\"og:image\" content=\"https:\/\/tier-wh.de\/wp-content\/uploads\/2025\/09\/bernd-borgmann.jpg\" \/>\n\t<meta property=\"og:image:width\" content=\"966\" \/>\n\t<meta property=\"og:image:height\" content=\"771\" \/>\n\t<meta property=\"og:image:type\" content=\"image\/jpeg\" \/>\n<meta name=\"twitter:card\" content=\"summary_large_image\" \/>\n<meta name=\"twitter:label1\" content=\"Geschatte leestijd\" \/>\n\t<meta name=\"twitter:data1\" content=\"1 minuut\" \/>\n<script type=\"application\/ld+json\" class=\"yoast-schema-graph\">{\"@context\":\"https:\\\/\\\/schema.org\",\"@graph\":[{\"@type\":\"WebPage\",\"@id\":\"https:\\\/\\\/tier-wh.de\\\/ueber-uns\\\/\",\"url\":\"https:\\\/\\\/tier-wh.de\\\/ueber-uns\\\/\",\"name\":\"\u00dcber uns - Tier Wohlf\u00fchlheim Auffangstation - Bernd Borgmann - Predator Coaching\",\"isPartOf\":{\"@id\":\"https:\\\/\\\/tier-wh.de\\\/#website\"},\"primaryImageOfPage\":{\"@id\":\"https:\\\/\\\/tier-wh.de\\\/ueber-uns\\\/#primaryimage\"},\"image\":{\"@id\":\"https:\\\/\\\/tier-wh.de\\\/ueber-uns\\\/#primaryimage\"},\"thumbnailUrl\":\"https:\\\/\\\/tier-wh.de\\\/wp-content\\\/uploads\\\/2025\\\/09\\\/bernd-borgmann.jpg\",\"datePublished\":\"2025-11-18T10:19:11+00:00\",\"dateModified\":\"2026-03-30T12:29:52+00:00\",\"breadcrumb\":{\"@id\":\"https:\\\/\\\/tier-wh.de\\\/ueber-uns\\\/#breadcrumb\"},\"inLanguage\":\"nl-NL\",\"potentialAction\":[{\"@type\":\"ReadAction\",\"target\":[\"https:\\\/\\\/tier-wh.de\\\/ueber-uns\\\/\"]}]},{\"@type\":\"ImageObject\",\"inLanguage\":\"nl-NL\",\"@id\":\"https:\\\/\\\/tier-wh.de\\\/ueber-uns\\\/#primaryimage\",\"url\":\"https:\\\/\\\/tier-wh.de\\\/wp-content\\\/uploads\\\/2025\\\/09\\\/bernd-borgmann.jpg\",\"contentUrl\":\"https:\\\/\\\/tier-wh.de\\\/wp-content\\\/uploads\\\/2025\\\/09\\\/bernd-borgmann.jpg\"},{\"@type\":\"BreadcrumbList\",\"@id\":\"https:\\\/\\\/tier-wh.de\\\/ueber-uns\\\/#breadcrumb\",\"itemListElement\":[{\"@type\":\"ListItem\",\"position\":1,\"name\":\"Startseite\",\"item\":\"https:\\\/\\\/tier-wh.de\\\/\"},{\"@type\":\"ListItem\",\"position\":2,\"name\":\"\u00dcber uns\"}]},{\"@type\":\"WebSite\",\"@id\":\"https:\\\/\\\/tier-wh.de\\\/#website\",\"url\":\"https:\\\/\\\/tier-wh.de\\\/\",\"name\":\"Tier Wohlf\u00fchlheim Auffangstation - Bernd Borgmann - Predator Coaching\",\"description\":\"Erlebe einzigartige Seminare mit Gro\u00dfkatzen: Tiererlebnis, Pers\u00f6nlichkeitsentwicklung &amp; Coaching f\u00fcr Privatpersonen und Unternehmen. Jetzt Termin buchen!\",\"publisher\":{\"@id\":\"https:\\\/\\\/tier-wh.de\\\/#organization\"},\"potentialAction\":[{\"@type\":\"SearchAction\",\"target\":{\"@type\":\"EntryPoint\",\"urlTemplate\":\"https:\\\/\\\/tier-wh.de\\\/?s={search_term_string}\"},\"query-input\":{\"@type\":\"PropertyValueSpecification\",\"valueRequired\":true,\"valueName\":\"search_term_string\"}}],\"inLanguage\":\"nl-NL\"},{\"@type\":\"Organization\",\"@id\":\"https:\\\/\\\/tier-wh.de\\\/#organization\",\"name\":\"Tier Wohlf\u00fchlheim Auffangstation - Bernd Borgmann - Predator Coaching\",\"url\":\"https:\\\/\\\/tier-wh.de\\\/\",\"logo\":{\"@type\":\"ImageObject\",\"inLanguage\":\"nl-NL\",\"@id\":\"https:\\\/\\\/tier-wh.de\\\/#\\\/schema\\\/logo\\\/image\\\/\",\"url\":\"https:\\\/\\\/tier-wh.de\\\/wp-content\\\/uploads\\\/2025\\\/09\\\/predator-coaching-logo.svg\",\"contentUrl\":\"https:\\\/\\\/tier-wh.de\\\/wp-content\\\/uploads\\\/2025\\\/09\\\/predator-coaching-logo.svg\",\"caption\":\"Tier Wohlf\u00fchlheim Auffangstation - Bernd Borgmann - Predator Coaching\"},\"image\":{\"@id\":\"https:\\\/\\\/tier-wh.de\\\/#\\\/schema\\\/logo\\\/image\\\/\"}}]}<\/script>\n<!-- \/ Yoast SEO plugin. -->","yoast_head_json":{"title":"Over ons - Tier Wohlf\u00fchlheim Auffangstation - Bernd Borgmann - Predator Coaching","robots":{"index":"index","follow":"follow","max-snippet":"max-snippet:-1","max-image-preview":"max-image-preview:large","max-video-preview":"max-video-preview:-1"},"canonical":"https:\/\/tier-wh.de\/nl\/over-ons\/","og_locale":"nl_NL","og_type":"article","og_title":"\u00dcber uns - Tier Wohlf\u00fchlheim Auffangstation - Bernd Borgmann - Predator Coaching","og_description":"\u00dcber uns Der Initiator Bernd Borgmann hat sich mit dem Wohlf\u00fchlhof seinen Lebenstraum erf\u00fcllt. Schon seit seiner Kindheit ist er fasziniert von Wildtieren, insbesondere von Gro\u00dfkatzen. Es dauerte jedoch einige Zeit, bis Borgmann diese Leidenschaft zum Beruf machen konnte: Nach einer kaufm\u00e4nnischen und technischen Ausbildung stieg er zun\u00e4chst in den Familienbetrieb ein \u2013 bis er [&hellip;]","og_url":"https:\/\/tier-wh.de\/nl\/over-ons\/","og_site_name":"Tier Wohlf\u00fchlheim Auffangstation - Bernd Borgmann - Predator Coaching","article_modified_time":"2026-03-30T12:29:52+00:00","og_image":[{"width":966,"height":771,"url":"https:\/\/tier-wh.de\/wp-content\/uploads\/2025\/09\/bernd-borgmann.jpg","type":"image\/jpeg"}],"twitter_card":"summary_large_image","twitter_misc":{"Geschatte leestijd":"1 minuut"},"schema":{"@context":"https:\/\/schema.org","@graph":[{"@type":"WebPage","@id":"https:\/\/tier-wh.de\/ueber-uns\/","url":"https:\/\/tier-wh.de\/ueber-uns\/","name":"Over ons - Tier Wohlf\u00fchlheim Auffangstation - Bernd Borgmann - Predator Coaching","isPartOf":{"@id":"https:\/\/tier-wh.de\/#website"},"primaryImageOfPage":{"@id":"https:\/\/tier-wh.de\/ueber-uns\/#primaryimage"},"image":{"@id":"https:\/\/tier-wh.de\/ueber-uns\/#primaryimage"},"thumbnailUrl":"https:\/\/tier-wh.de\/wp-content\/uploads\/2025\/09\/bernd-borgmann.jpg","datePublished":"2025-11-18T10:19:11+00:00","dateModified":"2026-03-30T12:29:52+00:00","breadcrumb":{"@id":"https:\/\/tier-wh.de\/ueber-uns\/#breadcrumb"},"inLanguage":"nl-NL","potentialAction":[{"@type":"ReadAction","target":["https:\/\/tier-wh.de\/ueber-uns\/"]}]},{"@type":"ImageObject","inLanguage":"nl-NL","@id":"https:\/\/tier-wh.de\/ueber-uns\/#primaryimage","url":"https:\/\/tier-wh.de\/wp-content\/uploads\/2025\/09\/bernd-borgmann.jpg","contentUrl":"https:\/\/tier-wh.de\/wp-content\/uploads\/2025\/09\/bernd-borgmann.jpg"},{"@type":"BreadcrumbList","@id":"https:\/\/tier-wh.de\/ueber-uns\/#breadcrumb","itemListElement":[{"@type":"ListItem","position":1,"name":"Startseite","item":"https:\/\/tier-wh.de\/"},{"@type":"ListItem","position":2,"name":"\u00dcber uns"}]},{"@type":"WebSite","@id":"https:\/\/tier-wh.de\/#website","url":"https:\/\/tier-wh.de\/","name":"Tier Wohlf\u00fchlheim Auffangstation - Bernd Borgmann - Predator Coaching","description":"Ervaar unieke seminars met grote katten: dierbeleving, persoonlijke ontwikkeling &amp; coaching voor particulieren en bedrijven. Boek nu uw afspraak!","publisher":{"@id":"https:\/\/tier-wh.de\/#organization"},"potentialAction":[{"@type":"SearchAction","target":{"@type":"EntryPoint","urlTemplate":"https:\/\/tier-wh.de\/?s={search_term_string}"},"query-input":{"@type":"PropertyValueSpecification","valueRequired":true,"valueName":"search_term_string"}}],"inLanguage":"nl-NL"},{"@type":"Organization","@id":"https:\/\/tier-wh.de\/#organization","name":"Tier Wohlf\u00fchlheim Auffangstation - Bernd Borgmann - Predator Coaching","url":"https:\/\/tier-wh.de\/","logo":{"@type":"ImageObject","inLanguage":"nl-NL","@id":"https:\/\/tier-wh.de\/#\/schema\/logo\/image\/","url":"https:\/\/tier-wh.de\/wp-content\/uploads\/2025\/09\/predator-coaching-logo.svg","contentUrl":"https:\/\/tier-wh.de\/wp-content\/uploads\/2025\/09\/predator-coaching-logo.svg","caption":"Tier Wohlf\u00fchlheim Auffangstation - Bernd Borgmann - Predator Coaching"},"image":{"@id":"https:\/\/tier-wh.de\/#\/schema\/logo\/image\/"}}]}},"_links":{"self":[{"href":"https:\/\/tier-wh.de\/nl\/wp-json\/wp\/v2\/pages\/1147","targetHints":{"allow":["GET"]}}],"collection":[{"href":"https:\/\/tier-wh.de\/nl\/wp-json\/wp\/v2\/pages"}],"about":[{"href":"https:\/\/tier-wh.de\/nl\/wp-json\/wp\/v2\/types\/page"}],"author":[{"embeddable":true,"href":"https:\/\/tier-wh.de\/nl\/wp-json\/wp\/v2\/users\/1"}],"replies":[{"embeddable":true,"href":"https:\/\/tier-wh.de\/nl\/wp-json\/wp\/v2\/comments?post=1147"}],"version-history":[{"count":71,"href":"https:\/\/tier-wh.de\/nl\/wp-json\/wp\/v2\/pages\/1147\/revisions"}],"predecessor-version":[{"id":2393,"href":"https:\/\/tier-wh.de\/nl\/wp-json\/wp\/v2\/pages\/1147\/revisions\/2393"}],"wp:attachment":[{"href":"https:\/\/tier-wh.de\/nl\/wp-json\/wp\/v2\/media?parent=1147"}],"curies":[{"name":"wp","href":"https:\/\/api.w.org\/{rel}","templated":true}]}}